{"id":1768,"date":"2025-06-25T13:19:09","date_gmt":"2025-06-25T11:19:09","guid":{"rendered":"https:\/\/ki-lok.itpower.de\/?page_id=1768"},"modified":"2025-06-25T13:33:24","modified_gmt":"2025-06-25T11:33:24","slug":"downloads","status":"publish","type":"page","link":"https:\/\/ki-lok.itpower.de\/en\/downloads","title":{"rendered":"Downloads"},"content":{"rendered":"<div data-colibri-id=\"1768-c1\" class=\"style-1363 style-local-1768-c1 position-relative\">\n  <!---->\n  <div data-colibri-component=\"section\" data-colibri-id=\"1768-c2\" id=\"reusable-sections\" class=\"h-section h-section-global-spacing d-flex align-items-lg-center align-items-md-center align-items-center style-1364 style-local-1768-c2 position-relative\">\n    <!---->\n    <!---->\n    <div class=\"h-section-grid-container h-section-boxed-container\">\n      <!---->\n      <div data-colibri-id=\"1768-c3\" class=\"h-row-container gutters-row-lg-2 gutters-row-md-2 gutters-row-0 gutters-row-v-lg-2 gutters-row-v-md-2 gutters-row-v-2 style-1365 style-local-1768-c3 position-relative\">\n        <!---->\n        <div class=\"h-row justify-content-lg-center justify-content-md-center justify-content-center align-items-lg-start align-items-md-start align-items-start gutters-col-lg-2 gutters-col-md-2 gutters-col-0 gutters-col-v-lg-2 gutters-col-v-md-2 gutters-col-v-2\">\n          <!---->\n          <div class=\"h-column h-column-container d-flex h-col-lg-6 h-col-md-6 h-col-12 align-self-lg-start align-self-md-start align-self-start style-1366-outer style-local-1768-c4-outer\">\n            <div data-colibri-id=\"1768-c4\" class=\"d-flex h-flex-basis h-column__inner h-px-lg-2 h-px-md-2 h-px-2 v-inner-lg-2 v-inner-md-2 v-inner-2 style-1366 style-local-1768-c4 position-relative\">\n              <!---->\n              <!---->\n              <div class=\"w-100 h-y-container h-column__content h-column__v-align flex-basis-100 align-self-lg-start align-self-md-start align-self-start\">\n                <!---->\n                <div data-colibri-id=\"1768-c5\" class=\"d-block style-1367 style-local-1768-c5 position-relative h-element\">\n                  <!---->\n                  <div class=\"h-image__frame-container-outer\">\n                    <div class=\"h-image__frame-container\">\n                      <!---->\n                      <!---->\n                      <img loading=\"lazy\" decoding=\"async\" width=\"1651\" height=\"2339\" src=\"https:\/\/ki-lok.itpower.de\/wp-content\/uploads\/2025\/06\/cropped-KI-LOK_Abschlussbericht_Teil2-_-_Eingehende_Darstellung.jpg\" class=\"wp-image-1780 style-1367-image style-local-1768-c5-image\" alt=\"\" srcset=\"https:\/\/ki-lok.itpower.de\/wp-content\/uploads\/2025\/06\/cropped-KI-LOK_Abschlussbericht_Teil2-_-_Eingehende_Darstellung.jpg 1651w, https:\/\/ki-lok.itpower.de\/wp-content\/uploads\/2025\/06\/cropped-KI-LOK_Abschlussbericht_Teil2-_-_Eingehende_Darstellung-212x300.jpg 212w, https:\/\/ki-lok.itpower.de\/wp-content\/uploads\/2025\/06\/cropped-KI-LOK_Abschlussbericht_Teil2-_-_Eingehende_Darstellung-723x1024.jpg 723w, https:\/\/ki-lok.itpower.de\/wp-content\/uploads\/2025\/06\/cropped-KI-LOK_Abschlussbericht_Teil2-_-_Eingehende_Darstellung-768x1088.jpg 768w, https:\/\/ki-lok.itpower.de\/wp-content\/uploads\/2025\/06\/cropped-KI-LOK_Abschlussbericht_Teil2-_-_Eingehende_Darstellung-1084x1536.jpg 1084w, https:\/\/ki-lok.itpower.de\/wp-content\/uploads\/2025\/06\/cropped-KI-LOK_Abschlussbericht_Teil2-_-_Eingehende_Darstellung-1446x2048.jpg 1446w, https:\/\/ki-lok.itpower.de\/wp-content\/uploads\/2025\/06\/cropped-KI-LOK_Abschlussbericht_Teil2-_-_Eingehende_Darstellung-8x12.jpg 8w\" sizes=\"auto, (max-width: 1651px) 100vw, 1651px\" \/>\n                      <div class=\"h-image__frame h-hide-lg h-hide-md h-hide-sm style-1367-frameImage style-local-1768-c5-frameImage\"><\/div>\n                    <\/div>\n                  <\/div>\n                <\/div>\n              <\/div>\n            <\/div>\n          <\/div>\n          <div class=\"h-column h-column-container d-flex h-col-lg-6 h-col-md-6 h-col-12 align-self-lg-start align-self-md-start align-self-start style-1368-outer style-local-1768-c6-outer\">\n            <div data-colibri-id=\"1768-c6\" class=\"d-flex h-flex-basis h-column__inner h-px-lg-2 h-px-md-2 h-px-2 v-inner-lg-2 v-inner-md-2 v-inner-2 style-1368 style-local-1768-c6 position-relative\">\n              <!---->\n              <!---->\n              <div class=\"w-100 h-y-container h-column__content h-column__v-align flex-basis-100 align-self-lg-center align-self-md-center align-self-center\">\n                <!---->\n                <div data-colibri-id=\"1768-c7\" class=\"h-text h-text-component style-1369 style-local-1768-c7 position-relative h-element\">\n                  <!---->\n                  <!---->\n                  <div class=\"\">\n                    <p>25.06.2025<\/p>\n                  <\/div>\n                <\/div>\n                <div data-colibri-id=\"1768-c8\" class=\"h-global-transition-all h-heading style-1370 style-local-1768-c8 position-relative h-element\">\n                  <!---->\n                  <div class=\"h-heading__outer style-1370 style-local-1768-c8\">\n                    <!---->\n                    <!---->\n                    <h3 class=\"\">KI-LOK Final Report<\/h3>\n                  <\/div>\n                <\/div>\n                <div data-colibri-id=\"1768-c9\" class=\"h-text h-text-component style-1371 style-local-1768-c9 position-relative h-element\">\n                  <!---->\n                  <!---->\n                  <div class=\"\">\n                    <p class=\"translation-block\">The report details the key results of the KI-LOK project and provides prospects for its usibility and market opportunities.<\/p>\n                    <p><span style=\"color: rgb(70, 112, 127); font-family: &quot;Open Sans&quot;; font-size: 16px; font-weight: 400;\">It is available as a free download.<\/span><\/p>\n                    <p>\n                      <br>\n                    <\/p>\n                  <\/div>\n                <\/div>\n                <div data-colibri-id=\"1768-c10\" class=\"h-x-container style-1372 style-local-1768-c10 position-relative h-element\">\n                  <!---->\n                  <div class=\"h-x-container-inner style-dynamic-1768-c10-group style-1372-spacing style-local-1768-c10-spacing\"><span class=\"h-button__outer style-1373-outer style-local-1768-c11-outer d-inline-flex h-element\"><a h-use-smooth-scroll=\"true\" href=\"https:\/\/ki-lok.itpower.de\/wp-content\/uploads\/2025\/06\/KI-LOK_Abschlussbericht_Teil2-_-_Eingehende_Darstellung.pdf\" target=\"_blank\"  data-colibri-id=\"1768-c11\" class=\"d-flex w-100 align-items-center h-button justify-content-lg-center justify-content-md-center justify-content-center style-1373 style-local-1768-c11 position-relative\"><!----><!----> <span>DOWNLOAD<\/span><\/a>\n                    <\/span>\n                  <\/div>\n                <\/div>\n              <\/div>\n            <\/div>\n          <\/div>\n        <\/div>\n      <\/div>\n    <\/div>\n  <\/div>\n  <div data-colibri-component=\"section\" data-colibri-id=\"1768-c12\" id=\"reusable-sections-2\" class=\"h-section h-section-global-spacing d-flex align-items-lg-center align-items-md-center align-items-center style-1374 style-local-1768-c12 position-relative\">\n    <!---->\n    <!---->\n    <div class=\"h-section-grid-container h-section-boxed-container\">\n      <!---->\n      <div data-colibri-id=\"1768-c13\" class=\"h-row-container gutters-row-lg-2 gutters-row-md-2 gutters-row-0 gutters-row-v-lg-2 gutters-row-v-md-2 gutters-row-v-2 style-1375 style-local-1768-c13 position-relative\">\n        <!---->\n        <div class=\"h-row justify-content-lg-center justify-content-md-center justify-content-center align-items-lg-start align-items-md-start align-items-start gutters-col-lg-2 gutters-col-md-2 gutters-col-0 gutters-col-v-lg-2 gutters-col-v-md-2 gutters-col-v-2\">\n          <!---->\n          <div class=\"h-column h-column-container d-flex h-col-lg-6 h-col-md-6 h-col-12 align-self-lg-start align-self-md-start align-self-start style-1376-outer style-local-1768-c14-outer\">\n            <div data-colibri-id=\"1768-c14\" class=\"d-flex h-flex-basis h-column__inner h-px-lg-2 h-px-md-2 h-px-2 v-inner-lg-2 v-inner-md-2 v-inner-2 style-1376 style-local-1768-c14 position-relative\">\n              <!---->\n              <!---->\n              <div class=\"w-100 h-y-container h-column__content h-column__v-align flex-basis-100 align-self-lg-start align-self-md-start align-self-start\">\n                <!---->\n                <div data-colibri-id=\"1768-c15\" class=\"d-block style-1377 style-local-1768-c15 position-relative h-element\">\n                  <!---->\n                  <div class=\"h-image__frame-container-outer\">\n                    <div class=\"h-image__frame-container\">\n                      <!---->\n                      <!---->\n                      <img loading=\"lazy\" decoding=\"async\" width=\"602\" height=\"835\" src=\"https:\/\/ki-lok.itpower.de\/wp-content\/uploads\/2022\/08\/cropped-cropped-News-1.png\" class=\"wp-image-1084 style-1377-image style-local-1768-c15-image\" alt=\"\" srcset=\"https:\/\/ki-lok.itpower.de\/wp-content\/uploads\/2022\/08\/cropped-cropped-News-1.png 602w, https:\/\/ki-lok.itpower.de\/wp-content\/uploads\/2022\/08\/cropped-cropped-News-1-216x300.png 216w, https:\/\/ki-lok.itpower.de\/wp-content\/uploads\/2022\/08\/cropped-cropped-News-1-9x12.png 9w\" sizes=\"auto, (max-width: 602px) 100vw, 602px\" \/>\n                      <div class=\"h-image__frame h-hide-lg h-hide-md h-hide-sm style-1377-frameImage style-local-1768-c15-frameImage\"><\/div>\n                    <\/div>\n                  <\/div>\n                <\/div>\n              <\/div>\n            <\/div>\n          <\/div>\n          <div class=\"h-column h-column-container d-flex h-col-lg-6 h-col-md-6 h-col-12 align-self-lg-start align-self-md-start align-self-start style-1378-outer style-local-1768-c16-outer\">\n            <div data-colibri-id=\"1768-c16\" class=\"d-flex h-flex-basis h-column__inner h-px-lg-2 h-px-md-2 h-px-2 v-inner-lg-2 v-inner-md-2 v-inner-2 style-1378 style-local-1768-c16 position-relative\">\n              <!---->\n              <!---->\n              <div class=\"w-100 h-y-container h-column__content h-column__v-align flex-basis-100 align-self-lg-center align-self-md-center align-self-center\">\n                <!---->\n                <div data-colibri-id=\"1768-c17\" class=\"h-text h-text-component style-1379 style-local-1768-c17 position-relative h-element\">\n                  <!---->\n                  <!---->\n                  <div class=\"\">\n                    <p>11.08.2022<\/p>\n                  <\/div>\n                <\/div>\n                <div data-colibri-id=\"1768-c18\" class=\"h-global-transition-all h-heading style-1380 style-local-1768-c18 position-relative h-element\">\n                  <!---->\n                  <div class=\"h-heading__outer style-1380 style-local-1768-c18\">\n                    <!---->\n                    <!---->\n                    <h3 class=\"\">KI-LOK Project Report<\/h3>\n                  <\/div>\n                <\/div>\n                <div data-colibri-id=\"1768-c19\" class=\"h-text h-text-component style-1381 style-local-1768-c19 position-relative h-element\">\n                  <!---->\n                  <!---->\n                  <div class=\"\">\n                    <p class=\"translation-block\">The report provides information on the goals and strategies of the KI-LOK project for automated testing of AI-based perception systems using a tabular breakdown.<\/p>\n                    <p><span style=\"color: rgb(70, 112, 127); font-family: Open Sans; font-size: 16px; font-weight: 400;\">It is available as a free download.<\/span><\/p>\n                    <p>\n                      <br>\n                    <\/p>\n                  <\/div>\n                <\/div>\n                <div data-colibri-id=\"1768-c20\" class=\"h-x-container style-1382 style-local-1768-c20 position-relative h-element\">\n                  <!---->\n                  <div class=\"h-x-container-inner style-dynamic-1768-c20-group style-1382-spacing style-local-1768-c20-spacing\"><span class=\"h-button__outer style-1383-outer style-local-1768-c21-outer d-inline-flex h-element\"><a h-use-smooth-scroll=\"true\" href=\"https:\/\/ki-lok.itpower.de\/wp-content\/uploads\/2022\/08\/Objectives-and-strategies-for-automated-testing-of-AI-based-perception-systems-in-railroad-engineering-V1.0.pdf\" target=\"_blank\"  data-colibri-id=\"1768-c21\" class=\"d-flex w-100 align-items-center h-button justify-content-lg-center justify-content-md-center justify-content-center style-1383 style-local-1768-c21 position-relative\"><!----><!----> <span>DOWNLOAD<\/span><\/a>\n                    <\/span>\n                  <\/div>\n                <\/div>\n              <\/div>\n            <\/div>\n          <\/div>\n        <\/div>\n      <\/div>\n    <\/div>\n  <\/div>\n<\/div>","protected":false},"excerpt":{"rendered":"<p>25.06.2025 KI-LOK Schlussbericht Der Bericht informiert \u00fcber&nbsp;die Ergebnisse des Projekts KI-LOK und gibt einen Ausblick auf deren Verwertbarkeit.&nbsp; Er steht kostenlos zum Download zur Verf\u00fcgung. DOWNLOAD 11.08.2022 KI-LOK Projektbericht Der Bericht informiert \u00fcber&nbsp;Ziele und Strategien des Projekts KI-LOK f\u00fcr das automatisierte Testen von KI-basierten Wahrnehmungssystemen anhand einer tabellarischen Aufschl\u00fcsselung. Er steht kostenlos zum Download zur [&hellip;]<\/p>\n","protected":false},"author":1,"featured_media":0,"parent":0,"menu_order":0,"comment_status":"closed","ping_status":"closed","template":"page-templates\/full-width-page.php","meta":{"footnotes":""},"class_list":["post-1768","page","type-page","status-publish","hentry"],"yoast_head":"<!-- This site is optimized with the Yoast SEO plugin v27.5 - https:\/\/yoast.com\/product\/yoast-seo-wordpress\/ -->\n<title>Downloads - KI-LOK<\/title>\n<meta name=\"description\" content=\"Das Forschungsprojekt KI-LOK entwickelt Testverfahren und Methoden zur Absicherung von KI-gest\u00fctzten Technologien in der Bahntechnik.\" \/>\n<meta name=\"robots\" content=\"index, follow, max-snippet:-1, max-image-preview:large, max-video-preview:-1\" \/>\n<link rel=\"canonical\" href=\"https:\/\/ki-lok.itpower.de\/en\/downloads\/\" \/>\n<meta property=\"og:locale\" content=\"en_US\" \/>\n<meta property=\"og:type\" content=\"article\" \/>\n<meta property=\"og:title\" content=\"Downloads - KI-LOK\" \/>\n<meta property=\"og:description\" content=\"Das Forschungsprojekt KI-LOK entwickelt Testverfahren und Methoden zur Absicherung von KI-gest\u00fctzten Technologien in der Bahntechnik.\" \/>\n<meta property=\"og:url\" content=\"https:\/\/ki-lok.itpower.de\/en\/downloads\/\" \/>\n<meta property=\"og:site_name\" content=\"KI-LOK\" \/>\n<meta property=\"article:modified_time\" content=\"2025-06-25T11:33:24+00:00\" \/>\n<meta property=\"og:image\" content=\"https:\/\/ki-lok.itpower.de\/wp-content\/uploads\/2025\/06\/cropped-KI-LOK_Abschlussbericht_Teil2-_-_Eingehende_Darstellung.jpg\" \/>\n\t<meta property=\"og:image:width\" content=\"1651\" \/>\n\t<meta property=\"og:image:height\" content=\"2339\" \/>\n\t<meta property=\"og:image:type\" content=\"image\/jpeg\" \/>\n<meta name=\"twitter:card\" content=\"summary_large_image\" \/>\n<script type=\"application\/ld+json\" class=\"yoast-schema-graph\">{\"@context\":\"https:\\\/\\\/schema.org\",\"@graph\":[{\"@type\":\"WebPage\",\"@id\":\"https:\\\/\\\/ki-lok.itpower.de\\\/downloads\",\"url\":\"https:\\\/\\\/ki-lok.itpower.de\\\/downloads\",\"name\":\"Downloads - KI-LOK\",\"isPartOf\":{\"@id\":\"https:\\\/\\\/ki-lok.itpower.de\\\/#website\"},\"primaryImageOfPage\":{\"@id\":\"https:\\\/\\\/ki-lok.itpower.de\\\/downloads#primaryimage\"},\"image\":{\"@id\":\"https:\\\/\\\/ki-lok.itpower.de\\\/downloads#primaryimage\"},\"thumbnailUrl\":\"https:\\\/\\\/ki-lok.itpower.de\\\/wp-content\\\/uploads\\\/2025\\\/06\\\/cropped-KI-LOK_Abschlussbericht_Teil2-_-_Eingehende_Darstellung.jpg\",\"datePublished\":\"2025-06-25T11:19:09+00:00\",\"dateModified\":\"2025-06-25T11:33:24+00:00\",\"description\":\"Das Forschungsprojekt KI-LOK entwickelt Testverfahren und Methoden zur Absicherung von KI-gest\u00fctzten Technologien in der Bahntechnik.\",\"breadcrumb\":{\"@id\":\"https:\\\/\\\/ki-lok.itpower.de\\\/downloads#breadcrumb\"},\"inLanguage\":\"en-US\",\"potentialAction\":[{\"@type\":\"ReadAction\",\"target\":[\"https:\\\/\\\/ki-lok.itpower.de\\\/downloads\"]}]},{\"@type\":\"ImageObject\",\"inLanguage\":\"en-US\",\"@id\":\"https:\\\/\\\/ki-lok.itpower.de\\\/downloads#primaryimage\",\"url\":\"https:\\\/\\\/ki-lok.itpower.de\\\/wp-content\\\/uploads\\\/2025\\\/06\\\/cropped-KI-LOK_Abschlussbericht_Teil2-_-_Eingehende_Darstellung.jpg\",\"contentUrl\":\"https:\\\/\\\/ki-lok.itpower.de\\\/wp-content\\\/uploads\\\/2025\\\/06\\\/cropped-KI-LOK_Abschlussbericht_Teil2-_-_Eingehende_Darstellung.jpg\"},{\"@type\":\"BreadcrumbList\",\"@id\":\"https:\\\/\\\/ki-lok.itpower.de\\\/downloads#breadcrumb\",\"itemListElement\":[{\"@type\":\"ListItem\",\"position\":1,\"name\":\"Startseite\",\"item\":\"https:\\\/\\\/ki-lok.itpower.de\\\/\"},{\"@type\":\"ListItem\",\"position\":2,\"name\":\"Downloads\"}]},{\"@type\":\"WebSite\",\"@id\":\"https:\\\/\\\/ki-lok.itpower.de\\\/#website\",\"url\":\"https:\\\/\\\/ki-lok.itpower.de\\\/\",\"name\":\"KI-LOK\",\"description\":\"Sichere KI f\u00fcr die Schiene\",\"publisher\":{\"@id\":\"https:\\\/\\\/ki-lok.itpower.de\\\/#organization\"},\"potentialAction\":[{\"@type\":\"SearchAction\",\"target\":{\"@type\":\"EntryPoint\",\"urlTemplate\":\"https:\\\/\\\/ki-lok.itpower.de\\\/?s={search_term_string}\"},\"query-input\":{\"@type\":\"PropertyValueSpecification\",\"valueRequired\":true,\"valueName\":\"search_term_string\"}}],\"inLanguage\":\"en-US\"},{\"@type\":\"Organization\",\"@id\":\"https:\\\/\\\/ki-lok.itpower.de\\\/#organization\",\"name\":\"KI-LOK\",\"url\":\"https:\\\/\\\/ki-lok.itpower.de\\\/\",\"logo\":{\"@type\":\"ImageObject\",\"inLanguage\":\"en-US\",\"@id\":\"https:\\\/\\\/ki-lok.itpower.de\\\/#\\\/schema\\\/logo\\\/image\\\/\",\"url\":\"https:\\\/\\\/ki-lok.itpower.de\\\/wp-content\\\/uploads\\\/2021\\\/10\\\/cropped-cropped-cropped-cropped-KI-LOK-Symbol-Tuerkis-1-1.png\",\"contentUrl\":\"https:\\\/\\\/ki-lok.itpower.de\\\/wp-content\\\/uploads\\\/2021\\\/10\\\/cropped-cropped-cropped-cropped-KI-LOK-Symbol-Tuerkis-1-1.png\",\"width\":241,\"height\":303,\"caption\":\"KI-LOK\"},\"image\":{\"@id\":\"https:\\\/\\\/ki-lok.itpower.de\\\/#\\\/schema\\\/logo\\\/image\\\/\"}}]}<\/script>\n<!-- \/ Yoast SEO plugin. -->","yoast_head_json":{"title":"Downloads - KI-LOK","description":"Das Forschungsprojekt KI-LOK entwickelt Testverfahren und Methoden zur Absicherung von KI-gest\u00fctzten Technologien in der Bahntechnik.","robots":{"index":"index","follow":"follow","max-snippet":"max-snippet:-1","max-image-preview":"max-image-preview:large","max-video-preview":"max-video-preview:-1"},"canonical":"https:\/\/ki-lok.itpower.de\/en\/downloads\/","og_locale":"en_US","og_type":"article","og_title":"Downloads - KI-LOK","og_description":"Das Forschungsprojekt KI-LOK entwickelt Testverfahren und Methoden zur Absicherung von KI-gest\u00fctzten Technologien in der Bahntechnik.","og_url":"https:\/\/ki-lok.itpower.de\/en\/downloads\/","og_site_name":"KI-LOK","article_modified_time":"2025-06-25T11:33:24+00:00","og_image":[{"width":1651,"height":2339,"url":"https:\/\/ki-lok.itpower.de\/wp-content\/uploads\/2025\/06\/cropped-KI-LOK_Abschlussbericht_Teil2-_-_Eingehende_Darstellung.jpg","type":"image\/jpeg"}],"twitter_card":"summary_large_image","schema":{"@context":"https:\/\/schema.org","@graph":[{"@type":"WebPage","@id":"https:\/\/ki-lok.itpower.de\/downloads","url":"https:\/\/ki-lok.itpower.de\/downloads","name":"Downloads - KI-LOK","isPartOf":{"@id":"https:\/\/ki-lok.itpower.de\/#website"},"primaryImageOfPage":{"@id":"https:\/\/ki-lok.itpower.de\/downloads#primaryimage"},"image":{"@id":"https:\/\/ki-lok.itpower.de\/downloads#primaryimage"},"thumbnailUrl":"https:\/\/ki-lok.itpower.de\/wp-content\/uploads\/2025\/06\/cropped-KI-LOK_Abschlussbericht_Teil2-_-_Eingehende_Darstellung.jpg","datePublished":"2025-06-25T11:19:09+00:00","dateModified":"2025-06-25T11:33:24+00:00","description":"Das Forschungsprojekt KI-LOK entwickelt Testverfahren und Methoden zur Absicherung von KI-gest\u00fctzten Technologien in der Bahntechnik.","breadcrumb":{"@id":"https:\/\/ki-lok.itpower.de\/downloads#breadcrumb"},"inLanguage":"en-US","potentialAction":[{"@type":"ReadAction","target":["https:\/\/ki-lok.itpower.de\/downloads"]}]},{"@type":"ImageObject","inLanguage":"en-US","@id":"https:\/\/ki-lok.itpower.de\/downloads#primaryimage","url":"https:\/\/ki-lok.itpower.de\/wp-content\/uploads\/2025\/06\/cropped-KI-LOK_Abschlussbericht_Teil2-_-_Eingehende_Darstellung.jpg","contentUrl":"https:\/\/ki-lok.itpower.de\/wp-content\/uploads\/2025\/06\/cropped-KI-LOK_Abschlussbericht_Teil2-_-_Eingehende_Darstellung.jpg"},{"@type":"BreadcrumbList","@id":"https:\/\/ki-lok.itpower.de\/downloads#breadcrumb","itemListElement":[{"@type":"ListItem","position":1,"name":"Startseite","item":"https:\/\/ki-lok.itpower.de\/"},{"@type":"ListItem","position":2,"name":"Downloads"}]},{"@type":"WebSite","@id":"https:\/\/ki-lok.itpower.de\/#website","url":"https:\/\/ki-lok.itpower.de\/","name":"KI-LOK","description":"safe AI for the railway industry","publisher":{"@id":"https:\/\/ki-lok.itpower.de\/#organization"},"potentialAction":[{"@type":"SearchAction","target":{"@type":"EntryPoint","urlTemplate":"https:\/\/ki-lok.itpower.de\/?s={search_term_string}"},"query-input":{"@type":"PropertyValueSpecification","valueRequired":true,"valueName":"search_term_string"}}],"inLanguage":"en-US"},{"@type":"Organization","@id":"https:\/\/ki-lok.itpower.de\/#organization","name":"KI-LOK","url":"https:\/\/ki-lok.itpower.de\/","logo":{"@type":"ImageObject","inLanguage":"en-US","@id":"https:\/\/ki-lok.itpower.de\/#\/schema\/logo\/image\/","url":"https:\/\/ki-lok.itpower.de\/wp-content\/uploads\/2021\/10\/cropped-cropped-cropped-cropped-KI-LOK-Symbol-Tuerkis-1-1.png","contentUrl":"https:\/\/ki-lok.itpower.de\/wp-content\/uploads\/2021\/10\/cropped-cropped-cropped-cropped-KI-LOK-Symbol-Tuerkis-1-1.png","width":241,"height":303,"caption":"KI-LOK"},"image":{"@id":"https:\/\/ki-lok.itpower.de\/#\/schema\/logo\/image\/"}}]}},"_links":{"self":[{"href":"https:\/\/ki-lok.itpower.de\/en\/wp-json\/wp\/v2\/pages\/1768","targetHints":{"allow":["GET"]}}],"collection":[{"href":"https:\/\/ki-lok.itpower.de\/en\/wp-json\/wp\/v2\/pages"}],"about":[{"href":"https:\/\/ki-lok.itpower.de\/en\/wp-json\/wp\/v2\/types\/page"}],"author":[{"embeddable":true,"href":"https:\/\/ki-lok.itpower.de\/en\/wp-json\/wp\/v2\/users\/1"}],"replies":[{"embeddable":true,"href":"https:\/\/ki-lok.itpower.de\/en\/wp-json\/wp\/v2\/comments?post=1768"}],"version-history":[{"count":2,"href":"https:\/\/ki-lok.itpower.de\/en\/wp-json\/wp\/v2\/pages\/1768\/revisions"}],"predecessor-version":[{"id":1785,"href":"https:\/\/ki-lok.itpower.de\/en\/wp-json\/wp\/v2\/pages\/1768\/revisions\/1785"}],"wp:attachment":[{"href":"https:\/\/ki-lok.itpower.de\/en\/wp-json\/wp\/v2\/media?parent=1768"}],"curies":[{"name":"wp","href":"https:\/\/api.w.org\/{rel}","templated":true}]}}