{"id":12,"date":"2021-10-21T15:09:31","date_gmt":"2021-10-21T15:09:31","guid":{"rendered":"https:\/\/ki-lok.itpower.de\/?page_id=12"},"modified":"2023-04-25T13:39:56","modified_gmt":"2023-04-25T11:39:56","slug":"projektkoordination","status":"publish","type":"page","link":"https:\/\/ki-lok.itpower.de\/en\/projektkoordination","title":{"rendered":"Project Coordination"},"content":{"rendered":"<div data-colibri-id=\"12-c1\" class=\"style-1183 style-local-12-c1 position-relative\">\r\n  <!---->\r\n  <div data-colibri-component=\"section\" data-colibri-id=\"12-c2\" id=\"initial-content\" class=\"h-section h-section-global-spacing d-flex align-items-lg-center align-items-md-center align-items-center style-1184 style-local-12-c2 position-relative\">\r\n    <!---->\r\n    <!---->\r\n    <div class=\"h-section-grid-container h-section-boxed-container\">\r\n      <!---->\r\n      <div data-colibri-id=\"12-c3\" class=\"h-row-container gutters-row-lg-2 gutters-row-md-2 gutters-row-0 gutters-row-v-lg-2 gutters-row-v-md-2 gutters-row-v-2 style-1185 style-local-12-c3 position-relative\">\r\n        <!---->\r\n        <div class=\"h-row justify-content-lg-center justify-content-md-center justify-content-center align-items-lg-center align-items-md-center align-items-center gutters-col-lg-2 gutters-col-md-2 gutters-col-0 gutters-col-v-lg-2 gutters-col-v-md-2 gutters-col-v-2\">\r\n          <!---->\r\n          <div class=\"h-column h-column-container d-flex h-col-lg h-col-md-auto h-col-auto align-self-lg-center align-self-md-center align-self-center style-1186-outer style-local-12-c4-outer\">\r\n            <div data-colibri-id=\"12-c4\" class=\"d-flex h-flex-basis h-column__inner h-px-lg-2 h-px-md-2 h-px-2 v-inner-lg-2 v-inner-md-2 v-inner-2 style-1186 style-local-12-c4 position-relative\">\r\n              <!---->\r\n              <!---->\r\n              <div class=\"w-100 h-y-container h-column__content h-column__v-align flex-basis-100 align-self-lg-start align-self-md-start align-self-start\">\r\n                <!---->\r\n                <div data-colibri-id=\"12-c5\" class=\"h-global-transition-all h-heading style-1187 style-local-12-c5 position-relative h-element\">\r\n                  <!---->\r\n                  <div class=\"h-heading__outer style-1187 style-local-12-c5\">\r\n                    <!---->\r\n                    <!---->\r\n                    <h1 class=\"\">Project Coordination<\/h1>\r\n                  <\/div>\r\n                <\/div>\r\n              <\/div>\r\n            <\/div>\r\n          <\/div>\r\n        <\/div>\r\n      <\/div>\r\n    <\/div>\r\n  <\/div>\r\n  <div data-colibri-component=\"section\" data-colibri-id=\"12-c10\" id=\"custom\" class=\"h-section h-section-global-spacing d-flex align-items-lg-center align-items-md-center align-items-center style-1192 style-local-12-c10 position-relative\">\r\n    <!---->\r\n    <!---->\r\n    <div class=\"h-section-grid-container h-section-boxed-container\">\r\n      <!---->\r\n      <div data-colibri-id=\"12-c11\" class=\"h-row-container gutters-row-lg-0 gutters-row-md-0 gutters-row-0 gutters-row-v-lg-0 gutters-row-v-md-0 gutters-row-v-0 style-1193 style-local-12-c11 position-relative\">\r\n        <!---->\r\n        <div class=\"h-row justify-content-lg-center justify-content-md-center justify-content-center align-items-lg-stretch align-items-md-stretch align-items-stretch gutters-col-lg-0 gutters-col-md-0 gutters-col-0 gutters-col-v-lg-0 gutters-col-v-md-0 gutters-col-v-0\">\r\n          <!---->\r\n          <div class=\"h-column h-column-container d-flex h-col-lg-auto h-col-md-auto h-col-auto style-1194-outer style-local-12-c12-outer\">\r\n            <div data-colibri-id=\"12-c12\" class=\"d-flex h-flex-basis h-column__inner h-px-lg-0 h-px-md-0 h-px-0 v-inner-lg-0 v-inner-md-0 v-inner-0 style-1194 style-local-12-c12 position-relative\">\r\n              <!---->\r\n              <!---->\r\n              <div class=\"w-100 h-y-container h-column__content h-column__v-align flex-basis-100 align-self-lg-start align-self-md-start align-self-start\">\r\n                <!---->\r\n                <div data-colibri-id=\"12-c13\" class=\"h-text h-text-component style-1195 style-local-12-c13 position-relative h-element\">\r\n                  <!---->\r\n                  <!---->\r\n                  <div class=\"\">\r\n                    <p>The project coordinator is available for all inquiries regarding the KI-LOK research project:<\/p>\r\n                  <\/div>\r\n                <\/div>\r\n              <\/div>\r\n            <\/div>\r\n          <\/div>\r\n        <\/div>\r\n      <\/div>\r\n      <div data-colibri-id=\"12-c14\" class=\"h-row-container gutters-row-lg-2 gutters-row-md-2 gutters-row-0 gutters-row-v-lg-2 gutters-row-v-md-2 gutters-row-v-2 style-1196 style-local-12-c14 position-relative\">\r\n        <!---->\r\n        <div class=\"h-row justify-content-lg-center justify-content-md-center justify-content-center align-items-lg-stretch align-items-md-stretch align-items-stretch gutters-col-lg-2 gutters-col-md-2 gutters-col-0 gutters-col-v-lg-2 gutters-col-v-md-2 gutters-col-v-2\">\r\n          <!---->\r\n          <div class=\"h-column h-column-container d-flex h-col-lg-auto h-col-md-auto h-col-auto style-1197-outer style-local-12-c15-outer\">\r\n            <div data-colibri-id=\"12-c15\" class=\"d-flex h-flex-basis h-column__inner h-px-lg-2 h-px-md-2 h-px-2 v-inner-lg-2 v-inner-md-2 v-inner-2 style-1197 style-local-12-c15 position-relative\">\r\n              <!---->\r\n              <!---->\r\n              <div class=\"w-100 h-y-container h-column__content h-column__v-align flex-basis-100 align-self-lg-start align-self-md-start align-self-start\">\r\n                <!---->\r\n                <div data-colibri-id=\"12-c16\" class=\"h-global-transition-all h-heading style-1198 style-local-12-c16 position-relative h-element\">\r\n                  <!---->\r\n                  <div class=\"h-heading__outer style-1198 style-local-12-c16\">\r\n                    <!---->\r\n                    <!---->\r\n                    <h4 class=\"\">Dr. Sadegh Sadeghipour<\/h4>\r\n                  <\/div>\r\n                <\/div>\r\n                <div data-colibri-id=\"12-c17\" class=\"h-text h-text-component style-1199 style-local-12-c17 position-relative h-element\">\r\n                  <!---->\r\n                  <!---->\r\n                  <div class=\"\">\r\n                    <p>ITPower Solutions GmbH<\/p>\r\n                    <p>Kolonnenstra\u00dfe 26<\/p>\r\n                    <p>10829 Berlin<\/p>\r\n                  <\/div>\r\n                <\/div>\r\n                <div data-colibri-id=\"12-c18\" class=\"style-1200 style-local-12-c18 position-relative h-element\">\r\n                  <!---->\r\n                <\/div>\r\n                <div data-colibri-id=\"12-c19\" class=\"h-text h-text-component style-1201 style-local-12-c19 position-relative h-element\">\r\n                  <!---->\r\n                  <!---->\r\n                  <div class=\"\">\r\n                    <p>Tel: +49 30 60985010<\/p>\r\n                    <p>Fax: +49 30 46799891<\/p>\r\n                    <p>E-Mail:&nbsp;\r\n                      <a href=\"mailto:info@itpower.de\" rel=\"noopener\" target=\"_self\">info@itpower.de<\/a>\r\n                    <\/p>\r\n                  <\/div>\r\n                <\/div>\r\n              <\/div>\r\n            <\/div>\r\n          <\/div>\r\n          <div class=\"h-column h-column-container d-flex h-col-lg-auto h-col-md-auto h-col-auto style-1243-outer style-local-12-c20-outer\">\r\n            <div data-colibri-id=\"12-c20\" class=\"d-flex h-flex-basis h-column__inner h-ui-empty-state-container h-px-lg-2 h-px-md-2 h-px-2 v-inner-lg-2 v-inner-md-2 v-inner-2 style-1243 style-local-12-c20 position-relative\">\r\n              <!---->\r\n              <!---->\r\n              <div class=\"w-100 h-y-container h-column__content h-column__v-align flex-basis-100\">\r\n                <!---->\r\n              <\/div>\r\n            <\/div>\r\n          <\/div>\r\n        <\/div>\r\n      <\/div>\r\n    <\/div>\r\n  <\/div>\r\n<\/div>","protected":false},"excerpt":{"rendered":"<p>Projektkoordination Der Projektkoordinator steht Ihnen f\u00fcr alle Anfragen rund um das Forschungsprojekt KI-LOK zur Verf\u00fcgung: Dr. Sadegh Sadeghipour ITPower Solutions GmbH Kolonnenstra\u00dfe 26 10829 Berlin Tel: +49 30 60985010 Fax: +49 30 46799891 E-Mail:&nbsp; info@itpower.de<\/p>","protected":false},"author":1,"featured_media":0,"parent":0,"menu_order":0,"comment_status":"closed","ping_status":"closed","template":"page-templates\/full-width-page.php","meta":{"footnotes":""},"class_list":["post-12","page","type-page","status-publish","hentry"],"yoast_head":"<!-- This site is optimized with the Yoast SEO plugin v27.5 - https:\/\/yoast.com\/product\/yoast-seo-wordpress\/ -->\n<title>Projektkoordination - KI-LOK<\/title>\n<meta name=\"description\" content=\"Das Forschungsprojekt KI-LOK entwickelt Testverfahren und Methoden zur Absicherung von KI-gest\u00fctzten Technologien in der Bahntechnik.\" \/>\n<meta name=\"robots\" content=\"index, follow, max-snippet:-1, max-image-preview:large, max-video-preview:-1\" \/>\n<link rel=\"canonical\" href=\"https:\/\/ki-lok.itpower.de\/en\/projektkoordination\/\" \/>\n<meta property=\"og:locale\" content=\"en_US\" \/>\n<meta property=\"og:type\" content=\"article\" \/>\n<meta property=\"og:title\" content=\"Projektkoordination - KI-LOK\" \/>\n<meta property=\"og:description\" content=\"Das Forschungsprojekt KI-LOK entwickelt Testverfahren und Methoden zur Absicherung von KI-gest\u00fctzten Technologien in der Bahntechnik.\" \/>\n<meta property=\"og:url\" content=\"https:\/\/ki-lok.itpower.de\/en\/projektkoordination\/\" \/>\n<meta property=\"og:site_name\" content=\"KI-LOK\" \/>\n<meta property=\"article:modified_time\" content=\"2023-04-25T11:39:56+00:00\" \/>\n<meta name=\"twitter:card\" content=\"summary_large_image\" \/>\n<script type=\"application\/ld+json\" class=\"yoast-schema-graph\">{\"@context\":\"https:\\\/\\\/schema.org\",\"@graph\":[{\"@type\":\"WebPage\",\"@id\":\"https:\\\/\\\/ki-lok.itpower.de\\\/projektkoordination\",\"url\":\"https:\\\/\\\/ki-lok.itpower.de\\\/projektkoordination\",\"name\":\"Projektkoordination - KI-LOK\",\"isPartOf\":{\"@id\":\"https:\\\/\\\/ki-lok.itpower.de\\\/#website\"},\"datePublished\":\"2021-10-21T15:09:31+00:00\",\"dateModified\":\"2023-04-25T11:39:56+00:00\",\"description\":\"Das Forschungsprojekt KI-LOK entwickelt Testverfahren und Methoden zur Absicherung von KI-gest\u00fctzten Technologien in der Bahntechnik.\",\"breadcrumb\":{\"@id\":\"https:\\\/\\\/ki-lok.itpower.de\\\/projektkoordination#breadcrumb\"},\"inLanguage\":\"en-US\",\"potentialAction\":[{\"@type\":\"ReadAction\",\"target\":[\"https:\\\/\\\/ki-lok.itpower.de\\\/projektkoordination\"]}]},{\"@type\":\"BreadcrumbList\",\"@id\":\"https:\\\/\\\/ki-lok.itpower.de\\\/projektkoordination#breadcrumb\",\"itemListElement\":[{\"@type\":\"ListItem\",\"position\":1,\"name\":\"Startseite\",\"item\":\"https:\\\/\\\/ki-lok.itpower.de\\\/\"},{\"@type\":\"ListItem\",\"position\":2,\"name\":\"Projektkoordination\"}]},{\"@type\":\"WebSite\",\"@id\":\"https:\\\/\\\/ki-lok.itpower.de\\\/#website\",\"url\":\"https:\\\/\\\/ki-lok.itpower.de\\\/\",\"name\":\"KI-LOK\",\"description\":\"Sichere KI f\u00fcr die Schiene\",\"publisher\":{\"@id\":\"https:\\\/\\\/ki-lok.itpower.de\\\/#organization\"},\"potentialAction\":[{\"@type\":\"SearchAction\",\"target\":{\"@type\":\"EntryPoint\",\"urlTemplate\":\"https:\\\/\\\/ki-lok.itpower.de\\\/?s={search_term_string}\"},\"query-input\":{\"@type\":\"PropertyValueSpecification\",\"valueRequired\":true,\"valueName\":\"search_term_string\"}}],\"inLanguage\":\"en-US\"},{\"@type\":\"Organization\",\"@id\":\"https:\\\/\\\/ki-lok.itpower.de\\\/#organization\",\"name\":\"KI-LOK\",\"url\":\"https:\\\/\\\/ki-lok.itpower.de\\\/\",\"logo\":{\"@type\":\"ImageObject\",\"inLanguage\":\"en-US\",\"@id\":\"https:\\\/\\\/ki-lok.itpower.de\\\/#\\\/schema\\\/logo\\\/image\\\/\",\"url\":\"https:\\\/\\\/ki-lok.itpower.de\\\/wp-content\\\/uploads\\\/2021\\\/10\\\/cropped-cropped-cropped-cropped-KI-LOK-Symbol-Tuerkis-1-1.png\",\"contentUrl\":\"https:\\\/\\\/ki-lok.itpower.de\\\/wp-content\\\/uploads\\\/2021\\\/10\\\/cropped-cropped-cropped-cropped-KI-LOK-Symbol-Tuerkis-1-1.png\",\"width\":241,\"height\":303,\"caption\":\"KI-LOK\"},\"image\":{\"@id\":\"https:\\\/\\\/ki-lok.itpower.de\\\/#\\\/schema\\\/logo\\\/image\\\/\"}}]}<\/script>\n<!-- \/ Yoast SEO plugin. -->","yoast_head_json":{"title":"Projektkoordination - KI-LOK","description":"Das Forschungsprojekt KI-LOK entwickelt Testverfahren und Methoden zur Absicherung von KI-gest\u00fctzten Technologien in der Bahntechnik.","robots":{"index":"index","follow":"follow","max-snippet":"max-snippet:-1","max-image-preview":"max-image-preview:large","max-video-preview":"max-video-preview:-1"},"canonical":"https:\/\/ki-lok.itpower.de\/en\/projektkoordination\/","og_locale":"en_US","og_type":"article","og_title":"Projektkoordination - KI-LOK","og_description":"Das Forschungsprojekt KI-LOK entwickelt Testverfahren und Methoden zur Absicherung von KI-gest\u00fctzten Technologien in der Bahntechnik.","og_url":"https:\/\/ki-lok.itpower.de\/en\/projektkoordination\/","og_site_name":"KI-LOK","article_modified_time":"2023-04-25T11:39:56+00:00","twitter_card":"summary_large_image","schema":{"@context":"https:\/\/schema.org","@graph":[{"@type":"WebPage","@id":"https:\/\/ki-lok.itpower.de\/projektkoordination","url":"https:\/\/ki-lok.itpower.de\/projektkoordination","name":"Projektkoordination - KI-LOK","isPartOf":{"@id":"https:\/\/ki-lok.itpower.de\/#website"},"datePublished":"2021-10-21T15:09:31+00:00","dateModified":"2023-04-25T11:39:56+00:00","description":"Das Forschungsprojekt KI-LOK entwickelt Testverfahren und Methoden zur Absicherung von KI-gest\u00fctzten Technologien in der Bahntechnik.","breadcrumb":{"@id":"https:\/\/ki-lok.itpower.de\/projektkoordination#breadcrumb"},"inLanguage":"en-US","potentialAction":[{"@type":"ReadAction","target":["https:\/\/ki-lok.itpower.de\/projektkoordination"]}]},{"@type":"BreadcrumbList","@id":"https:\/\/ki-lok.itpower.de\/projektkoordination#breadcrumb","itemListElement":[{"@type":"ListItem","position":1,"name":"Startseite","item":"https:\/\/ki-lok.itpower.de\/"},{"@type":"ListItem","position":2,"name":"Projektkoordination"}]},{"@type":"WebSite","@id":"https:\/\/ki-lok.itpower.de\/#website","url":"https:\/\/ki-lok.itpower.de\/","name":"KI-LOK","description":"safe AI for the railway industry","publisher":{"@id":"https:\/\/ki-lok.itpower.de\/#organization"},"potentialAction":[{"@type":"SearchAction","target":{"@type":"EntryPoint","urlTemplate":"https:\/\/ki-lok.itpower.de\/?s={search_term_string}"},"query-input":{"@type":"PropertyValueSpecification","valueRequired":true,"valueName":"search_term_string"}}],"inLanguage":"en-US"},{"@type":"Organization","@id":"https:\/\/ki-lok.itpower.de\/#organization","name":"KI-LOK","url":"https:\/\/ki-lok.itpower.de\/","logo":{"@type":"ImageObject","inLanguage":"en-US","@id":"https:\/\/ki-lok.itpower.de\/#\/schema\/logo\/image\/","url":"https:\/\/ki-lok.itpower.de\/wp-content\/uploads\/2021\/10\/cropped-cropped-cropped-cropped-KI-LOK-Symbol-Tuerkis-1-1.png","contentUrl":"https:\/\/ki-lok.itpower.de\/wp-content\/uploads\/2021\/10\/cropped-cropped-cropped-cropped-KI-LOK-Symbol-Tuerkis-1-1.png","width":241,"height":303,"caption":"KI-LOK"},"image":{"@id":"https:\/\/ki-lok.itpower.de\/#\/schema\/logo\/image\/"}}]}},"_links":{"self":[{"href":"https:\/\/ki-lok.itpower.de\/en\/wp-json\/wp\/v2\/pages\/12","targetHints":{"allow":["GET"]}}],"collection":[{"href":"https:\/\/ki-lok.itpower.de\/en\/wp-json\/wp\/v2\/pages"}],"about":[{"href":"https:\/\/ki-lok.itpower.de\/en\/wp-json\/wp\/v2\/types\/page"}],"author":[{"embeddable":true,"href":"https:\/\/ki-lok.itpower.de\/en\/wp-json\/wp\/v2\/users\/1"}],"replies":[{"embeddable":true,"href":"https:\/\/ki-lok.itpower.de\/en\/wp-json\/wp\/v2\/comments?post=12"}],"version-history":[{"count":17,"href":"https:\/\/ki-lok.itpower.de\/en\/wp-json\/wp\/v2\/pages\/12\/revisions"}],"predecessor-version":[{"id":975,"href":"https:\/\/ki-lok.itpower.de\/en\/wp-json\/wp\/v2\/pages\/12\/revisions\/975"}],"wp:attachment":[{"href":"https:\/\/ki-lok.itpower.de\/en\/wp-json\/wp\/v2\/media?parent=12"}],"curies":[{"name":"wp","href":"https:\/\/api.w.org\/{rel}","templated":true}]}}